{"id":42,"date":"2025-05-28T13:01:30","date_gmt":"2025-05-28T11:01:30","guid":{"rendered":"http:\/\/diro.pl\/?page_id=42"},"modified":"2025-05-28T13:01:31","modified_gmt":"2025-05-28T11:01:31","slug":"kariera","status":"publish","type":"page","link":"http:\/\/diro.pl\/index.php\/kariera\/","title":{"rendered":"Kariera"},"content":{"rendered":"\n<p><strong>Konstruktor podzespo\u0142\u00f3w motoryzacyjnych (CATIA V5)<\/strong><\/p>\n\n\n\n<p>Wymagania:<\/p>\n\n\n\n<ul class=\"wp-block-list\">\n<li>wykszta\u0142cenie wy\u017csze techniczne, kierunek budowa maszyn lub pokrewny,<\/li>\n\n\n\n<li>komunikatywna znajomo\u015b\u0107 j\u0119zyka angielskiego lub niemieckiego,<\/li>\n\n\n\n<li>znajomo\u015b\u0107 CATIA V5, ewentualnie innego programu CAD,<\/li>\n\n\n\n<li>znajomo\u015b\u0107 zagadnie\u0144 konstrukcji samochodowych,<\/li>\n\n\n\n<li>gotowo\u015b\u0107 do wyjazdu za granic\u0119,<\/li>\n<\/ul>\n\n\n\n<p>Oferujemy:<\/p>\n\n\n\n<ul class=\"wp-block-list\">\n<li>atrakcyjne wynagrodzenie,<\/li>\n\n\n\n<li>szkolenie CAD pod k\u0105tem konkretnego klienta,<\/li>\n\n\n\n<li>mo\u017cliwo\u015b\u0107 rozwoju i zdobycia do\u015bwiadczenia,<\/li>\n\n\n\n<li>d\u0142ugotrwa\u0142\u0105 wsp\u00f3\u0142prac\u0119,<\/li>\n<\/ul>\n\n\n\n<p>Prosimy o przes\u0142anie CV wraz z danymi kontaktowymi i oczekiwaniami p\u0142acowymi na adres e-mail: karriere@diro.pl<\/p>\n\n\n\n<p><strong>Student ostatniego roku \/ Absolwent wy\u017cszej uczelni technicznej |bez do\u015bwiadczenia|<\/strong><\/p>\n\n\n\n<p>Wymagania:<\/p>\n\n\n\n<ul class=\"wp-block-list\">\n<li>komunikatywno\u015b\u0107 i umiej\u0119tno\u015b\u0107 pracy w zespole,<\/li>\n\n\n\n<li>dobra wyobra\u017ania przestrzenna,<\/li>\n\n\n\n<li>pracowito\u015b\u0107, odpowiedzialno\u015b\u0107, punktualno\u015b\u0107 oraz ch\u0119\u0107 rozwoju,<\/li>\n\n\n\n<li>komunikatywna znajomo\u015b\u0107 j\u0119zyka angielskiego lub niemieckiego,<\/li>\n<\/ul>\n\n\n\n<p>Oferujemy:<\/p>\n\n\n\n<ul class=\"wp-block-list\">\n<li>praktyczna nauka budowy nadwozi samochodowych oraz element\u00f3w wyposa\u017cenia w oparciu o aktualne wymogi g\u0142\u00f3wnych europejskich firm motoryzacyjnych,<\/li>\n\n\n\n<li>szkolenie CAD obejmuj\u0105ce zar\u00f3wno modelowanie bry\u0142owe jak i powierzchniowe (CATIA V5),<\/li>\n\n\n\n<li>mo\u017cliwo\u015b\u0107 rozwoju i zdobycia do\u015bwiadczenia,<\/li>\n\n\n\n<li>mo\u017cliwo\u015b\u0107 praktyk w biurze w Warszawie jak i u naszych klient\u00f3w.<\/li>\n\n\n\n<li>po okresie pr\u00f3bnym najlepszym mo\u017cliwo\u015b\u0107 zatrudnienia,<\/li>\n\n\n\n<li>d\u0142ugotrwa\u0142\u0105 wsp\u00f3\u0142prac\u0119,<\/li>\n\n\n\n<li>elastyczne podej\u015bcie do godzin i czasu szkole\u0144 i pracy.<\/li>\n<\/ul>\n\n\n\n<p>Prosimy o przes\u0142anie CV wraz z danymi kontaktowymi na adres e-mail: karriere@diro.pl<\/p>\n","protected":false},"excerpt":{"rendered":"<p>Konstruktor podzespo\u0142\u00f3w motoryzacyjnych (CATIA V5) Wymagania: Oferujemy: Prosimy o przes\u0142anie CV wraz z danymi kontaktowymi i oczekiwaniami p\u0142acowymi na adres e-mail: karriere@diro.pl Student ostatniego roku \/ Absolwent wy\u017cszej uczelni technicznej |bez do\u015bwiadczenia| Wymagania: Oferujemy: Prosimy o przes\u0142anie CV wraz z danymi kontaktowymi na adres e-mail: karriere@diro.pl<\/p>\n","protected":false},"author":1,"featured_media":0,"parent":0,"menu_order":0,"comment_status":"closed","ping_status":"closed","template":"","meta":{"footnotes":""},"class_list":["post-42","page","type-page","status-publish"],"yoast_head":"<!-- This site is optimized with the Yoast SEO plugin v27.2 - https:\/\/yoast.com\/product\/yoast-seo-wordpress\/ -->\n<title>Kariera - DIRO - Tomasz Bareja<\/title>\n<meta name=\"robots\" content=\"index, follow, max-snippet:-1, max-image-preview:large, max-video-preview:-1\" \/>\n<link rel=\"canonical\" href=\"http:\/\/diro.pl\/index.php\/kariera\/\" \/>\n<meta property=\"og:locale\" content=\"pl_PL\" \/>\n<meta property=\"og:type\" content=\"article\" \/>\n<meta property=\"og:title\" content=\"Kariera - DIRO - Tomasz Bareja\" \/>\n<meta property=\"og:description\" content=\"Konstruktor podzespo\u0142\u00f3w motoryzacyjnych (CATIA V5) Wymagania: Oferujemy: Prosimy o przes\u0142anie CV wraz z danymi kontaktowymi i oczekiwaniami p\u0142acowymi na adres e-mail: karriere@diro.pl Student ostatniego roku \/ Absolwent wy\u017cszej uczelni technicznej |bez do\u015bwiadczenia| Wymagania: Oferujemy: Prosimy o przes\u0142anie CV wraz z danymi kontaktowymi na adres e-mail: karriere@diro.pl\" \/>\n<meta property=\"og:url\" content=\"http:\/\/diro.pl\/index.php\/kariera\/\" \/>\n<meta property=\"og:site_name\" content=\"DIRO - Tomasz Bareja\" \/>\n<meta property=\"article:modified_time\" content=\"2025-05-28T11:01:31+00:00\" \/>\n<meta name=\"twitter:card\" content=\"summary_large_image\" \/>\n<meta name=\"twitter:label1\" content=\"Szacowany czas czytania\" \/>\n\t<meta name=\"twitter:data1\" content=\"2 minuty\" \/>\n<script type=\"application\/ld+json\" class=\"yoast-schema-graph\">{\"@context\":\"https:\/\/schema.org\",\"@graph\":[{\"@type\":\"WebPage\",\"@id\":\"http:\/\/diro.pl\/index.php\/kariera\/\",\"url\":\"http:\/\/diro.pl\/index.php\/kariera\/\",\"name\":\"Kariera - DIRO - Tomasz Bareja\",\"isPartOf\":{\"@id\":\"http:\/\/diro.pl\/#website\"},\"datePublished\":\"2025-05-28T11:01:30+00:00\",\"dateModified\":\"2025-05-28T11:01:31+00:00\",\"breadcrumb\":{\"@id\":\"http:\/\/diro.pl\/index.php\/kariera\/#breadcrumb\"},\"inLanguage\":\"pl-PL\",\"potentialAction\":[{\"@type\":\"ReadAction\",\"target\":[\"http:\/\/diro.pl\/index.php\/kariera\/\"]}]},{\"@type\":\"BreadcrumbList\",\"@id\":\"http:\/\/diro.pl\/index.php\/kariera\/#breadcrumb\",\"itemListElement\":[{\"@type\":\"ListItem\",\"position\":1,\"name\":\"Home\",\"item\":\"http:\/\/diro.pl\/\"},{\"@type\":\"ListItem\",\"position\":2,\"name\":\"Kariera\"}]},{\"@type\":\"WebSite\",\"@id\":\"http:\/\/diro.pl\/#website\",\"url\":\"http:\/\/diro.pl\/\",\"name\":\"DIRO - Tomasz Bareja\",\"description\":\"\",\"publisher\":{\"@id\":\"http:\/\/diro.pl\/#organization\"},\"potentialAction\":[{\"@type\":\"SearchAction\",\"target\":{\"@type\":\"EntryPoint\",\"urlTemplate\":\"http:\/\/diro.pl\/?s={search_term_string}\"},\"query-input\":{\"@type\":\"PropertyValueSpecification\",\"valueRequired\":true,\"valueName\":\"search_term_string\"}}],\"inLanguage\":\"pl-PL\"},{\"@type\":\"Organization\",\"@id\":\"http:\/\/diro.pl\/#organization\",\"name\":\"DIRO - Tomasz Bareja\",\"url\":\"http:\/\/diro.pl\/\",\"logo\":{\"@type\":\"ImageObject\",\"inLanguage\":\"pl-PL\",\"@id\":\"http:\/\/diro.pl\/#\/schema\/logo\/image\/\",\"url\":\"http:\/\/diro.pl\/wp-content\/uploads\/2025\/05\/cropped-logo.png\",\"contentUrl\":\"http:\/\/diro.pl\/wp-content\/uploads\/2025\/05\/cropped-logo.png\",\"width\":184,\"height\":100,\"caption\":\"DIRO - Tomasz Bareja\"},\"image\":{\"@id\":\"http:\/\/diro.pl\/#\/schema\/logo\/image\/\"}}]}<\/script>\n<!-- \/ Yoast SEO plugin. -->","yoast_head_json":{"title":"Kariera - DIRO - Tomasz Bareja","robots":{"index":"index","follow":"follow","max-snippet":"max-snippet:-1","max-image-preview":"max-image-preview:large","max-video-preview":"max-video-preview:-1"},"canonical":"http:\/\/diro.pl\/index.php\/kariera\/","og_locale":"pl_PL","og_type":"article","og_title":"Kariera - DIRO - Tomasz Bareja","og_description":"Konstruktor podzespo\u0142\u00f3w motoryzacyjnych (CATIA V5) Wymagania: Oferujemy: Prosimy o przes\u0142anie CV wraz z danymi kontaktowymi i oczekiwaniami p\u0142acowymi na adres e-mail: karriere@diro.pl Student ostatniego roku \/ Absolwent wy\u017cszej uczelni technicznej |bez do\u015bwiadczenia| Wymagania: Oferujemy: Prosimy o przes\u0142anie CV wraz z danymi kontaktowymi na adres e-mail: karriere@diro.pl","og_url":"http:\/\/diro.pl\/index.php\/kariera\/","og_site_name":"DIRO - Tomasz Bareja","article_modified_time":"2025-05-28T11:01:31+00:00","twitter_card":"summary_large_image","twitter_misc":{"Szacowany czas czytania":"2 minuty"},"schema":{"@context":"https:\/\/schema.org","@graph":[{"@type":"WebPage","@id":"http:\/\/diro.pl\/index.php\/kariera\/","url":"http:\/\/diro.pl\/index.php\/kariera\/","name":"Kariera - DIRO - Tomasz Bareja","isPartOf":{"@id":"http:\/\/diro.pl\/#website"},"datePublished":"2025-05-28T11:01:30+00:00","dateModified":"2025-05-28T11:01:31+00:00","breadcrumb":{"@id":"http:\/\/diro.pl\/index.php\/kariera\/#breadcrumb"},"inLanguage":"pl-PL","potentialAction":[{"@type":"ReadAction","target":["http:\/\/diro.pl\/index.php\/kariera\/"]}]},{"@type":"BreadcrumbList","@id":"http:\/\/diro.pl\/index.php\/kariera\/#breadcrumb","itemListElement":[{"@type":"ListItem","position":1,"name":"Home","item":"http:\/\/diro.pl\/"},{"@type":"ListItem","position":2,"name":"Kariera"}]},{"@type":"WebSite","@id":"http:\/\/diro.pl\/#website","url":"http:\/\/diro.pl\/","name":"DIRO - Tomasz Bareja","description":"","publisher":{"@id":"http:\/\/diro.pl\/#organization"},"potentialAction":[{"@type":"SearchAction","target":{"@type":"EntryPoint","urlTemplate":"http:\/\/diro.pl\/?s={search_term_string}"},"query-input":{"@type":"PropertyValueSpecification","valueRequired":true,"valueName":"search_term_string"}}],"inLanguage":"pl-PL"},{"@type":"Organization","@id":"http:\/\/diro.pl\/#organization","name":"DIRO - Tomasz Bareja","url":"http:\/\/diro.pl\/","logo":{"@type":"ImageObject","inLanguage":"pl-PL","@id":"http:\/\/diro.pl\/#\/schema\/logo\/image\/","url":"http:\/\/diro.pl\/wp-content\/uploads\/2025\/05\/cropped-logo.png","contentUrl":"http:\/\/diro.pl\/wp-content\/uploads\/2025\/05\/cropped-logo.png","width":184,"height":100,"caption":"DIRO - Tomasz Bareja"},"image":{"@id":"http:\/\/diro.pl\/#\/schema\/logo\/image\/"}}]}},"_links":{"self":[{"href":"http:\/\/diro.pl\/index.php\/wp-json\/wp\/v2\/pages\/42","targetHints":{"allow":["GET"]}}],"collection":[{"href":"http:\/\/diro.pl\/index.php\/wp-json\/wp\/v2\/pages"}],"about":[{"href":"http:\/\/diro.pl\/index.php\/wp-json\/wp\/v2\/types\/page"}],"author":[{"embeddable":true,"href":"http:\/\/diro.pl\/index.php\/wp-json\/wp\/v2\/users\/1"}],"replies":[{"embeddable":true,"href":"http:\/\/diro.pl\/index.php\/wp-json\/wp\/v2\/comments?post=42"}],"version-history":[{"count":1,"href":"http:\/\/diro.pl\/index.php\/wp-json\/wp\/v2\/pages\/42\/revisions"}],"predecessor-version":[{"id":43,"href":"http:\/\/diro.pl\/index.php\/wp-json\/wp\/v2\/pages\/42\/revisions\/43"}],"wp:attachment":[{"href":"http:\/\/diro.pl\/index.php\/wp-json\/wp\/v2\/media?parent=42"}],"curies":[{"name":"wp","href":"https:\/\/api.w.org\/{rel}","templated":true}]}}